{"id":10951,"date":"2024-08-19T11:25:59","date_gmt":"2024-08-19T09:25:59","guid":{"rendered":"https:\/\/tibble.nu\/campus-taby\/?page_id=10951"},"modified":"2025-05-21T13:22:24","modified_gmt":"2025-05-21T11:22:24","slug":"mentorspace-for-skolor","status":"publish","type":"page","link":"https:\/\/tibble.nu\/campus-taby\/mentorspace-for-skolor\/","title":{"rendered":"Mentorspace f\u00f6r skolor"},"content":{"rendered":"<h3>\u201dAntingen kan du l\u00e4sa om teorin, eller s\u00e5 kan du testa den p\u00e5 riktigt\u201d<\/h3>\n<p>Professor emeritus Mark Smith har flyttat sin verksamhet fr\u00e5n KTH:s lokaler i Kista till Tibble Campus T\u00e4by fr\u00e5n och med h\u00f6stterminen 2024. Mentorspace \u00e4r en m\u00f6tesplats mellan elever i olika \u00e5ldrar och representanter fr\u00e5n b\u00e5de universitet och n\u00e4ringsliv d\u00e4r fler kan f\u00e5 upp \u00f6gonen f\u00f6r h\u00e5llbart l\u00e4rande.<\/p>\n<p>H\u00e5llbart l\u00e4rande \u00e4r, enligt professor Smiths vision, n\u00e4r fler unga m\u00e4nniskor f\u00e5r \u00f6kad f\u00f6rst\u00e5else f\u00f6r vad teknikbranschen kan erbjuda i form av stimulerande, kreativa och roliga framtida yrken, oavsett f\u00f6rf\u00f6rst\u00e5else. Vi beh\u00f6ver m\u00f6ta alla v\u00e5ra framtida utmaningar med nyfikenhet och lust, p\u00e5 bred front, och d\u00e4rf\u00f6r beh\u00f6ver fler unga m\u00e4nniskor n\u00e4rma sig det faktum att de i h\u00f6g utstr\u00e4ckning kommer att komma i kontakt med teknikbranschen i sina framtida yrkesliv.<\/p>\n<p>Med sitt breda kontaktn\u00e4t erbjuder professor Smith Norrorts ungdomar att tr\u00e4ffa representanter fr\u00e5n b\u00e5de universitet, h\u00f6gskola och n\u00e4ringsliv. Men ocks\u00e5 en plats att labba p\u00e5, att testa p\u00e5, att l\u00e4ra sig om utan krav p\u00e5 prestation eller resultat.<\/p>\n<p>Platsen, utrustningen, materialet och m\u00f6tena finns att boka, eller att bara bes\u00f6ka som enskild individ. Skriv ett mejl till <a href=\"mailto:mark.smith@tibble.nu\">mark.smith@tibble.nu<\/a> s\u00e5 kan du och dina elever g\u00f6ra ett f\u00f6rsta bes\u00f6k. Titta g\u00e4rna p\u00e5 listan \u00f6ver tidigare workshops som genomf\u00f6rts p\u00e5 Mentorspace eller \u00f6nska n\u00e5got eget uppl\u00e4gg.<\/p>\n<p><strong>Mentorspace har nu slagit upp d\u00f6rrarna i sal 627 p\u00e5 Tibble \u2013 hoppas vi ses d\u00e4r!<\/strong><\/p>\n","protected":false},"excerpt":{"rendered":"<p>\u201dAntingen kan du l\u00e4sa om teorin, eller s\u00e5 kan du testa den p\u00e5 riktigt\u201d Professor emeritus Mark Smith har flyttat sin verksamhet fr\u00e5n KTH:s lokaler i Kista till Tibble Campus T\u00e4by fr\u00e5n och med h\u00f6stterminen 2024. Mentorspace \u00e4r en m\u00f6tesplats&#8230;<\/p>\n","protected":false},"author":14,"featured_media":0,"parent":0,"menu_order":3,"comment_status":"closed","ping_status":"closed","template":"","meta":{"footnotes":""},"class_list":["post-10951","page","type-page","status-publish","hentry"],"acf":[],"_links":{"self":[{"href":"https:\/\/tibble.nu\/campus-taby\/wp-json\/wp\/v2\/pages\/10951","targetHints":{"allow":["GET"]}}],"collection":[{"href":"https:\/\/tibble.nu\/campus-taby\/wp-json\/wp\/v2\/pages"}],"about":[{"href":"https:\/\/tibble.nu\/campus-taby\/wp-json\/wp\/v2\/types\/page"}],"author":[{"embeddable":true,"href":"https:\/\/tibble.nu\/campus-taby\/wp-json\/wp\/v2\/users\/14"}],"replies":[{"embeddable":true,"href":"https:\/\/tibble.nu\/campus-taby\/wp-json\/wp\/v2\/comments?post=10951"}],"version-history":[{"count":5,"href":"https:\/\/tibble.nu\/campus-taby\/wp-json\/wp\/v2\/pages\/10951\/revisions"}],"predecessor-version":[{"id":10973,"href":"https:\/\/tibble.nu\/campus-taby\/wp-json\/wp\/v2\/pages\/10951\/revisions\/10973"}],"wp:attachment":[{"href":"https:\/\/tibble.nu\/campus-taby\/wp-json\/wp\/v2\/media?parent=10951"}],"curies":[{"name":"wp","href":"https:\/\/api.w.org\/{rel}","templated":true}]}}