{"id":10942,"date":"2024-08-19T11:15:41","date_gmt":"2024-08-19T09:15:41","guid":{"rendered":"https:\/\/tibble.nu\/campus-taby\/?page_id=10942"},"modified":"2025-05-21T13:22:24","modified_gmt":"2025-05-21T11:22:24","slug":"mentorspace","status":"publish","type":"page","link":"https:\/\/tibble.nu\/campus-taby\/mentorspace\/","title":{"rendered":"Mentorspace"},"content":{"rendered":"<h3>\u201dAntingen kan du l\u00e4sa om teorin, eller s\u00e5 kan du testa den p\u00e5 riktigt\u201d<\/h3>\n<p>P\u00e5 Tibble f\u00e5r alla elever tillg\u00e5ng till n\u00e5got vi kallar Mentorspace, d\u00e4r de kan arbeta med en id\u00e9, prototyp eller ett projekt. H\u00e4r finns tillg\u00e5ng till modern utrustning och anv\u00e4ndbara verktyg som ger eleverna m\u00f6jlighet att uppt\u00e4cka och f\u00e5 utlopp f\u00f6r sin passion genom praktiskt arbete.<\/p>\n<p>Men Mentorspace \u00e4r mycket mer \u00e4n en vanlig verkstad, det \u00e4r en plats f\u00f6r kunskapsutbyte d\u00e4r mentorskap fr\u00e4mjas. Genom workshops och f\u00f6rel\u00e4sningar m\u00f6ts elever och erfarna mentorer fr\u00e5n n\u00e4ringsliv, universitet och h\u00f6gskola f\u00f6r att diskutera och utveckla id\u00e9er.<\/p>\n<p class=\"x_elementToProof\">Mentorspace drivs av professor emeritus Mark Smith, som tidigare arbetat i Silicon Valley och p\u00e5 KTH. Han menar att gemensamt f\u00f6r alla framg\u00e5ngsrika personer \u00e4r att de alla har haft en mentor.<\/p>\n<p><i>\u201dSom mentorer kan vi hj\u00e4lpa varandra att hitta mening i det vi g\u00f6r. Vi besitter alla kunskap och erfarenheter som \u00e4r v\u00e4rda att delas.\u201d<\/i><\/p>\n<p class=\"x_elementToProof\">Mark startade Mentorspace redan 2006 p\u00e5 KTH i Kista och det har sedan dess nyttjats av b\u00e5de elever och yrkessamma fr\u00e5n KTH, Konstfack, Karolinska Institutet och Stockholm Stad. Nu har han tagit konceptet till Tibble f\u00f6r att ge eleverna i T\u00e4by en plats d\u00e4r kreativiteten kan fl\u00f6da.<\/p>\n<p><img loading=\"lazy\" decoding=\"async\" class=\"alignnone wp-image-10944 size-large\" src=\"https:\/\/tibble.nu\/campus-taby\/wp-content\/uploads\/R9Q3309-1024x683.jpg\" alt=\"Portr\u00e4tt av Mark Smith\" width=\"1024\" height=\"683\" srcset=\"https:\/\/tibble.nu\/campus-taby\/wp-content\/uploads\/R9Q3309-1024x683.jpg 1024w, https:\/\/tibble.nu\/campus-taby\/wp-content\/uploads\/R9Q3309-300x200.jpg 300w, https:\/\/tibble.nu\/campus-taby\/wp-content\/uploads\/R9Q3309-768x512.jpg 768w, https:\/\/tibble.nu\/campus-taby\/wp-content\/uploads\/R9Q3309-1536x1024.jpg 1536w, https:\/\/tibble.nu\/campus-taby\/wp-content\/uploads\/R9Q3309-2048x1366.jpg 2048w, https:\/\/tibble.nu\/campus-taby\/wp-content\/uploads\/R9Q3309-150x100.jpg 150w, https:\/\/tibble.nu\/campus-taby\/wp-content\/uploads\/R9Q3309-660x440.jpg 660w\" sizes=\"auto, (max-width: 1024px) 100vw, 1024px\" \/><\/p>\n<p><em>Professor emeritus Mark Smith<\/em><\/p>\n","protected":false},"excerpt":{"rendered":"<p>\u201dAntingen kan du l\u00e4sa om teorin, eller s\u00e5 kan du testa den p\u00e5 riktigt\u201d P\u00e5 Tibble f\u00e5r alla elever tillg\u00e5ng till n\u00e5got vi kallar Mentorspace, d\u00e4r de kan arbeta med en id\u00e9, prototyp eller ett projekt. H\u00e4r finns tillg\u00e5ng till&#8230;<\/p>\n","protected":false},"author":14,"featured_media":0,"parent":0,"menu_order":2,"comment_status":"closed","ping_status":"closed","template":"","meta":{"footnotes":""},"class_list":["post-10942","page","type-page","status-publish","hentry"],"acf":[],"_links":{"self":[{"href":"https:\/\/tibble.nu\/campus-taby\/wp-json\/wp\/v2\/pages\/10942","targetHints":{"allow":["GET"]}}],"collection":[{"href":"https:\/\/tibble.nu\/campus-taby\/wp-json\/wp\/v2\/pages"}],"about":[{"href":"https:\/\/tibble.nu\/campus-taby\/wp-json\/wp\/v2\/types\/page"}],"author":[{"embeddable":true,"href":"https:\/\/tibble.nu\/campus-taby\/wp-json\/wp\/v2\/users\/14"}],"replies":[{"embeddable":true,"href":"https:\/\/tibble.nu\/campus-taby\/wp-json\/wp\/v2\/comments?post=10942"}],"version-history":[{"count":5,"href":"https:\/\/tibble.nu\/campus-taby\/wp-json\/wp\/v2\/pages\/10942\/revisions"}],"predecessor-version":[{"id":11559,"href":"https:\/\/tibble.nu\/campus-taby\/wp-json\/wp\/v2\/pages\/10942\/revisions\/11559"}],"wp:attachment":[{"href":"https:\/\/tibble.nu\/campus-taby\/wp-json\/wp\/v2\/media?parent=10942"}],"curies":[{"name":"wp","href":"https:\/\/api.w.org\/{rel}","templated":true}]}}