{"id":10821,"date":"2024-08-02T16:25:09","date_gmt":"2024-08-02T14:25:09","guid":{"rendered":"https:\/\/tibble.nu\/campus-taby\/?page_id=10821"},"modified":"2026-03-26T11:21:16","modified_gmt":"2026-03-26T10:21:16","slug":"gy25","status":"publish","type":"page","link":"https:\/\/tibble.nu\/campus-taby\/gymnasievalet\/gy25\/","title":{"rendered":"GY25"},"content":{"rendered":"<p>Gymnasieutbildningen har genomg\u00e5tt en reform som ber\u00f6r de elever som ska b\u00f6rja gymnasiet h\u00f6sten 2025. Ut\u00f6ver uppdaterat och moderniserat inneh\u00e5ll i de olika \u00e4mnena har man \u00e4ven f\u00f6rnyat styrdokument f\u00f6r att inneh\u00e5llet ska vara relevant utifr\u00e5n samh\u00e4llsutveckling, h\u00e5llbarhet, teknikutveckling och j\u00e4mst\u00e4lldhet.<\/p>\n<p>Tidigare har man p\u00e5 gymnasiet l\u00e4st \u00e4mnen uppdelat i kurser och f\u00e5tt ett slutbetyg n\u00e4r kursen var slut. Den nya reformen inneb\u00e4r att eleven i st\u00e4llet f\u00e5r ett slutbetyg i \u00e4mnet. F\u00f6r\u00e4ndringen g\u00f6rs f\u00f6r att eleven ska f\u00e5 mer tid f\u00f6r f\u00f6rdjupning, vilket \u00e4ven ger l\u00e4raren m\u00f6jlighet att bedriva undervisningen mer l\u00e5ngsiktigt och att betyg b\u00e4ttre \u00e5terspeglar vad eleven kan.<\/p>\n<ul>\n<li>Alla \u00e4mnesplaner utformas som sammanh\u00e5llna \u00e4mnen med niv\u00e5er i st\u00e4llet f\u00f6r dagens kurser. Ett \u00e4mne kan ha en eller flera niv\u00e5er.<\/li>\n<li>I m\u00e5nga \u00e4mnen kommer eleverna att kunna f\u00e5 undervisning under en l\u00e4ngre sammanh\u00e5llen period innan det slutliga betyget s\u00e4tts.<\/li>\n<li>\u00c4mnen, examensm\u00e5l, programm\u00e5l och programstrukturer uppdateras f\u00f6r att passa framtidens studier och yrkesliv.<\/li>\n<\/ul>\n<p>F\u00f6r dig som idag g\u00e5r i \u00e5rskurs 9 s\u00e5 \u00e4r kanske inte reformen det mest sp\u00e4nnande med att b\u00f6rja gymnasiet men vi vill g\u00f6ra dig och dina f\u00f6r\u00e4ldrar medvetna och informerade om att tidigare strukturer har f\u00f6r\u00e4ndrats.<\/p>\n<p>Tibble har f\u00f6rberett f\u00f6r reformen och tagit fram ett kursutbud som \u00e4r noga utvalt tillsammans med l\u00e4rare, skolledning, n\u00e4ringsliv och elever. <a href=\"https:\/\/tibble.nu\/campus-taby\/gymnasievalet\/poangplaner\/\">Ta del av kursutbudet f\u00f6r varje utbildning h\u00e4r.\u00a0<\/a><\/p>\n<p><strong>Universitets- och h\u00f6gskoler\u00e5det har inte beslutat om antagningsf\u00f6rfarande\u00a0<\/strong><\/p>\n<p><a href=\"https:\/\/www.uhr.se\/syv\/material--verktyg\/nyheter-for-vagledare\/amnesbetyg-infors-i-gymnasieskolan-hosten-2025\/\">\u00c4mnesbetyg inf\u00f6rs i gymnasieskolan h\u00f6sten 2025 &#8211; UHR:s sidor f\u00f6r v\u00e4gledare<\/a><\/p>\n","protected":false},"excerpt":{"rendered":"<p>Gymnasieutbildningen har genomg\u00e5tt en reform som ber\u00f6r de elever som ska b\u00f6rja gymnasiet h\u00f6sten 2025. Ut\u00f6ver uppdaterat och moderniserat inneh\u00e5ll i de olika \u00e4mnena har man \u00e4ven f\u00f6rnyat styrdokument f\u00f6r att inneh\u00e5llet ska vara relevant utifr\u00e5n samh\u00e4llsutveckling, h\u00e5llbarhet, teknikutveckling och&#8230;<\/p>\n","protected":false},"author":14,"featured_media":0,"parent":4201,"menu_order":0,"comment_status":"closed","ping_status":"closed","template":"","meta":{"footnotes":""},"class_list":["post-10821","page","type-page","status-publish","hentry"],"acf":[],"_links":{"self":[{"href":"https:\/\/tibble.nu\/campus-taby\/wp-json\/wp\/v2\/pages\/10821","targetHints":{"allow":["GET"]}}],"collection":[{"href":"https:\/\/tibble.nu\/campus-taby\/wp-json\/wp\/v2\/pages"}],"about":[{"href":"https:\/\/tibble.nu\/campus-taby\/wp-json\/wp\/v2\/types\/page"}],"author":[{"embeddable":true,"href":"https:\/\/tibble.nu\/campus-taby\/wp-json\/wp\/v2\/users\/14"}],"replies":[{"embeddable":true,"href":"https:\/\/tibble.nu\/campus-taby\/wp-json\/wp\/v2\/comments?post=10821"}],"version-history":[{"count":5,"href":"https:\/\/tibble.nu\/campus-taby\/wp-json\/wp\/v2\/pages\/10821\/revisions"}],"predecessor-version":[{"id":11947,"href":"https:\/\/tibble.nu\/campus-taby\/wp-json\/wp\/v2\/pages\/10821\/revisions\/11947"}],"up":[{"embeddable":true,"href":"https:\/\/tibble.nu\/campus-taby\/wp-json\/wp\/v2\/pages\/4201"}],"wp:attachment":[{"href":"https:\/\/tibble.nu\/campus-taby\/wp-json\/wp\/v2\/media?parent=10821"}],"curies":[{"name":"wp","href":"https:\/\/api.w.org\/{rel}","templated":true}]}}