{"id":10077,"date":"2023-10-19T11:14:07","date_gmt":"2023-10-19T09:14:07","guid":{"rendered":"https:\/\/tibble.nu\/campus-taby\/?page_id=10077"},"modified":"2024-05-29T16:08:55","modified_gmt":"2024-05-29T14:08:55","slug":"chicago","status":"publish","type":"page","link":"https:\/\/tibble.nu\/campus-taby\/utbildningar\/estet\/musikal\/chicago\/","title":{"rendered":"Chicago"},"content":{"rendered":"<p>Estetiska programmet p\u00e5 Tibble gymnasium presenterar stolt musikalen CHICAGO med premi\u00e4r den 19 april 2024.<\/p>\n<p>Dessutom firar vi 30 \u00e5r eftersom v\u00e5rens premi\u00e4r blir den 30:e i raden av musikaler producerade av och med musikalinriktningen p\u00e5 Tibble.<\/p>\n<p>Chicago \u2013 the musical \u00e4r skriven av Fred Ebb och Bob Fosse och hade sin urpremi\u00e4r 1975 p\u00e5 Broadway. Den senaste upps\u00e4ttningen fr\u00e5n 1997 \u00e4r en l\u00e5ngk\u00f6rare p\u00e5 Broadway som fortfarande g\u00e5r att se. Den har bland annat vunnit 6 Tony Awards och \u00e4r den musikal som har spelats l\u00e4ngst.<\/p>\n<p><a class=\"btn-xs btn-sm btn btn-default\" href=\"https:\/\/secure.tickster.com\/z02uj1ej743lcrf\" target=\"_blank\" rel=\"noopener\">K\u00f6p biljetter h\u00e4r via Tickster<\/a><\/p>\n<p><img loading=\"lazy\" decoding=\"async\" class=\"alignnone wp-image-10178 size-standard-size\" src=\"https:\/\/tibble.nu\/campus-taby\/wp-content\/uploads\/tickster_1040x584-660x371.jpg\" alt=\"M\u00f6rkr\u00f6d bild med glitter som faller ner ovanifr\u00e5n samt texten CHICAGO \" width=\"660\" height=\"371\" srcset=\"https:\/\/tibble.nu\/campus-taby\/wp-content\/uploads\/tickster_1040x584-660x371.jpg 660w, https:\/\/tibble.nu\/campus-taby\/wp-content\/uploads\/tickster_1040x584-300x168.jpg 300w, https:\/\/tibble.nu\/campus-taby\/wp-content\/uploads\/tickster_1040x584-1024x575.jpg 1024w, https:\/\/tibble.nu\/campus-taby\/wp-content\/uploads\/tickster_1040x584-768x431.jpg 768w, https:\/\/tibble.nu\/campus-taby\/wp-content\/uploads\/tickster_1040x584-150x84.jpg 150w, https:\/\/tibble.nu\/campus-taby\/wp-content\/uploads\/tickster_1040x584.jpg 1040w\" sizes=\"auto, (max-width: 660px) 100vw, 660px\" \/><\/p>\n<p><strong>Vad \u00e4r det f\u00f6r en slags musikal? <\/strong><\/p>\n<p>Chicago \u00e4r en satir som med humor och ironi bygger p\u00e5 en rad riktiga h\u00e4ndelser allt f\u00f6rkl\u00e4tt i ett sv\u00e4ngande, underh\u00e5llande och elegant 20-tal. Under tidigt 1920-tal i Chicago fanns en reporter, Maurine Dallas Watkins, som bevakade kvinnor som var anklagade och skyldiga f\u00f6r allvarliga brott.<\/p>\n<p>Tidningarna s\u00e5lde som aldrig f\u00f6rr! Vem \u00e4r hon? Har hon gjort det?<\/p>\n<p>Det blev ocks\u00e5 ett mycket m\u00e4rkligt fokus p\u00e5 sk\u00f6nhet och mode, d\u00e5 det visades sig att kvinnor kunde f\u00e5 ett lindrigare straff eller till och med bli friade, om de var vackra. modemedvetna och kunde svara p\u00e5 journalisternas fr\u00e5gor p\u00e5 ett underh\u00e5llande s\u00e4tt.<\/p>\n<p>Handlingen bygger p\u00e5 dessa ber\u00e4ttelser och publiken f\u00e5r m\u00f6ta sex kvinnor som sitter i h\u00e4ktet och som \u00e4r beredda p\u00e5 att n\u00e4stan g\u00f6ra vad som helst f\u00f6r att komma d\u00e4rifr\u00e5n, men ocks\u00e5 f\u00f6r att bli ber\u00f6md. Musiken \u00e4r medryckande, sv\u00e4ngig och de olika instrumenten i orkestern kr\u00e4ver total n\u00e4rvaro av dansarna, sk\u00e5despelarna och s\u00e5ngarna.<\/p>\n<p>Det \u00e4r jazz, show, glitter och glamour men ocks\u00e5 snusk, mord, korruption och l\u00f6gner. Vem talar sanning?<\/p>\n<p>Vi ska g\u00f6ra allt vi kan f\u00f6r att f\u00e5 dig att skratta, bli f\u00f6rf\u00e4rad och k\u00e4nna dig grundlurad och underh\u00e5llen!<\/p>\n<p><strong>V\u00e4lkommen till Tibble teater<\/strong><\/p>\n","protected":false},"excerpt":{"rendered":"<p>Estetiska programmet p\u00e5 Tibble gymnasium presenterar stolt musikalen CHICAGO med premi\u00e4r den 19 april 2024. Dessutom firar vi 30 \u00e5r eftersom v\u00e5rens premi\u00e4r blir den 30:e i raden av musikaler producerade av och med musikalinriktningen p\u00e5 Tibble. Chicago \u2013 the&#8230;<\/p>\n","protected":false},"author":14,"featured_media":0,"parent":4390,"menu_order":0,"comment_status":"closed","ping_status":"closed","template":"","meta":{"footnotes":""},"class_list":["post-10077","page","type-page","status-publish","hentry"],"acf":[],"_links":{"self":[{"href":"https:\/\/tibble.nu\/campus-taby\/wp-json\/wp\/v2\/pages\/10077","targetHints":{"allow":["GET"]}}],"collection":[{"href":"https:\/\/tibble.nu\/campus-taby\/wp-json\/wp\/v2\/pages"}],"about":[{"href":"https:\/\/tibble.nu\/campus-taby\/wp-json\/wp\/v2\/types\/page"}],"author":[{"embeddable":true,"href":"https:\/\/tibble.nu\/campus-taby\/wp-json\/wp\/v2\/users\/14"}],"replies":[{"embeddable":true,"href":"https:\/\/tibble.nu\/campus-taby\/wp-json\/wp\/v2\/comments?post=10077"}],"version-history":[{"count":6,"href":"https:\/\/tibble.nu\/campus-taby\/wp-json\/wp\/v2\/pages\/10077\/revisions"}],"predecessor-version":[{"id":10866,"href":"https:\/\/tibble.nu\/campus-taby\/wp-json\/wp\/v2\/pages\/10077\/revisions\/10866"}],"up":[{"embeddable":true,"href":"https:\/\/tibble.nu\/campus-taby\/wp-json\/wp\/v2\/pages\/4390"}],"wp:attachment":[{"href":"https:\/\/tibble.nu\/campus-taby\/wp-json\/wp\/v2\/media?parent=10077"}],"curies":[{"name":"wp","href":"https:\/\/api.w.org\/{rel}","templated":true}]}}