{"id":7879,"date":"2025-01-20T11:51:03","date_gmt":"2025-01-20T10:51:03","guid":{"rendered":"https:\/\/tibble.nu\/campus-kista\/?page_id=7879"},"modified":"2025-09-24T15:10:04","modified_gmt":"2025-09-24T13:10:04","slug":"lanksamling","status":"publish","type":"page","link":"https:\/\/tibble.nu\/campus-kista\/om-tibble\/bibliotek\/lanksamling\/","title":{"rendered":"L\u00e4nksamling"},"content":{"rendered":"<h3><span data-olk-copy-source=\"MessageBody\">V\u00e4lkommen till bibliotekets l\u00e4nksamling<\/span><\/h3>\n<p>L\u00e4nksamlingen inneh\u00e5ller databaser och webbplatser med fritt eller delvis fritt tillg\u00e4ngligt material, som exempelvis:<\/p>\n<p>\u00b7 Vetenskapliga artiklar<br \/>\n\u00b7 E-b\u00f6cker<br \/>\n\u00b7 L\u00e4nkar till myndigheter<br \/>\n\u00b7 Ordb\u00f6cker och uppslagsverk<br \/>\n\u00b7 Statistik<\/p>\n<p>Mycket av det material som g\u00e5r att hitta i databaserna finns i fulltext, vilket betyder att det g\u00e5r att f\u00e5 tillg\u00e5ng till utan att man beh\u00f6ver betala.<\/p>\n<p>Om du beh\u00f6ver hj\u00e4lp med att s\u00f6ka information eller har problem med att anv\u00e4nda databaserna, v\u00e4nd dig till skolbibliotekarien.<\/p>\n<p>F\u00f6r \u00e4mnes\u00f6vergripande databaser, se bibliotekets\u00a0<a id=\"OWA943bdb61-4258-9da2-82a9-08d4024024b6\" class=\"x_OWAAutoLink\" title=\"http:\/\/tibble.nu\/campus-taby\/bibliotektet\/soksida\/\" href=\"https:\/\/tibble.nu\/campus-kista\/soksida\/\" data-auth=\"NotApplicable\" data-linkindex=\"0\">s\u00f6ksida<\/a>.<\/p>\n","protected":false},"excerpt":{"rendered":"<p>V\u00e4lkommen till bibliotekets l\u00e4nksamling L\u00e4nksamlingen inneh\u00e5ller databaser och webbplatser med fritt eller delvis fritt tillg\u00e4ngligt material, som exempelvis: \u00b7 Vetenskapliga artiklar \u00b7 E-b\u00f6cker \u00b7 L\u00e4nkar till myndigheter \u00b7 Ordb\u00f6cker och uppslagsverk \u00b7 Statistik Mycket av det material som g\u00e5r att&#8230;<\/p>\n","protected":false},"author":14,"featured_media":0,"parent":5500,"menu_order":0,"comment_status":"closed","ping_status":"closed","template":"","meta":{"footnotes":""},"class_list":["post-7879","page","type-page","status-publish","hentry"],"acf":[],"_links":{"self":[{"href":"https:\/\/tibble.nu\/campus-kista\/wp-json\/wp\/v2\/pages\/7879","targetHints":{"allow":["GET"]}}],"collection":[{"href":"https:\/\/tibble.nu\/campus-kista\/wp-json\/wp\/v2\/pages"}],"about":[{"href":"https:\/\/tibble.nu\/campus-kista\/wp-json\/wp\/v2\/types\/page"}],"author":[{"embeddable":true,"href":"https:\/\/tibble.nu\/campus-kista\/wp-json\/wp\/v2\/users\/14"}],"replies":[{"embeddable":true,"href":"https:\/\/tibble.nu\/campus-kista\/wp-json\/wp\/v2\/comments?post=7879"}],"version-history":[{"count":5,"href":"https:\/\/tibble.nu\/campus-kista\/wp-json\/wp\/v2\/pages\/7879\/revisions"}],"predecessor-version":[{"id":10067,"href":"https:\/\/tibble.nu\/campus-kista\/wp-json\/wp\/v2\/pages\/7879\/revisions\/10067"}],"up":[{"embeddable":true,"href":"https:\/\/tibble.nu\/campus-kista\/wp-json\/wp\/v2\/pages\/5500"}],"wp:attachment":[{"href":"https:\/\/tibble.nu\/campus-kista\/wp-json\/wp\/v2\/media?parent=7879"}],"curies":[{"name":"wp","href":"https:\/\/api.w.org\/{rel}","templated":true}]}}