{"id":7877,"date":"2025-01-20T11:43:12","date_gmt":"2025-01-20T10:43:12","guid":{"rendered":"https:\/\/tibble.nu\/campus-kista\/?page_id=7877"},"modified":"2025-10-09T11:24:51","modified_gmt":"2025-10-09T09:24:51","slug":"soksida","status":"publish","type":"page","link":"https:\/\/tibble.nu\/campus-kista\/om-tibble\/bibliotek\/soksida\/","title":{"rendered":"S\u00f6ksida"},"content":{"rendered":"<p><span data-olk-copy-source=\"MessageBody\">S\u00f6ksidan inneh\u00e5ller \u00e4mnes\u00f6vergripande databaser och webbplatser. Om du beh\u00f6ver hj\u00e4lp med att s\u00f6ka information eller har problem med att anv\u00e4nda databaserna, v\u00e4nd dig till skolbibliotekarien. F\u00f6r \u00e4mnessorterade databaser, se bibliotekets\u00a0<\/span><a href=\"https:\/\/tibble.nu\/campus-kista\/om-tibble\/bibliotek\/lanksamling\/\">l\u00e4nksamling<\/a>.<\/p>\n","protected":false},"excerpt":{"rendered":"<p>S\u00f6ksidan inneh\u00e5ller \u00e4mnes\u00f6vergripande databaser och webbplatser. Om du beh\u00f6ver hj\u00e4lp med att s\u00f6ka information eller har problem med att anv\u00e4nda databaserna, v\u00e4nd dig till skolbibliotekarien. F\u00f6r \u00e4mnessorterade databaser, se bibliotekets\u00a0l\u00e4nksamling.<\/p>\n","protected":false},"author":14,"featured_media":0,"parent":5500,"menu_order":0,"comment_status":"closed","ping_status":"closed","template":"","meta":{"footnotes":""},"class_list":["post-7877","page","type-page","status-publish","hentry"],"acf":[],"_links":{"self":[{"href":"https:\/\/tibble.nu\/campus-kista\/wp-json\/wp\/v2\/pages\/7877","targetHints":{"allow":["GET"]}}],"collection":[{"href":"https:\/\/tibble.nu\/campus-kista\/wp-json\/wp\/v2\/pages"}],"about":[{"href":"https:\/\/tibble.nu\/campus-kista\/wp-json\/wp\/v2\/types\/page"}],"author":[{"embeddable":true,"href":"https:\/\/tibble.nu\/campus-kista\/wp-json\/wp\/v2\/users\/14"}],"replies":[{"embeddable":true,"href":"https:\/\/tibble.nu\/campus-kista\/wp-json\/wp\/v2\/comments?post=7877"}],"version-history":[{"count":5,"href":"https:\/\/tibble.nu\/campus-kista\/wp-json\/wp\/v2\/pages\/7877\/revisions"}],"predecessor-version":[{"id":10434,"href":"https:\/\/tibble.nu\/campus-kista\/wp-json\/wp\/v2\/pages\/7877\/revisions\/10434"}],"up":[{"embeddable":true,"href":"https:\/\/tibble.nu\/campus-kista\/wp-json\/wp\/v2\/pages\/5500"}],"wp:attachment":[{"href":"https:\/\/tibble.nu\/campus-kista\/wp-json\/wp\/v2\/media?parent=7877"}],"curies":[{"name":"wp","href":"https:\/\/api.w.org\/{rel}","templated":true}]}}