{"id":7339,"date":"2024-03-19T13:50:23","date_gmt":"2024-03-19T12:50:23","guid":{"rendered":"https:\/\/tibble.nu\/campus-kista\/?page_id=7339"},"modified":"2024-11-25T13:53:59","modified_gmt":"2024-11-25T12:53:59","slug":"tips-infor-ditt-besok","status":"publish","type":"page","link":"https:\/\/tibble.nu\/campus-kista\/gymnasievalet\/oppet-hus\/tips-infor-ditt-besok\/","title":{"rendered":"Tips inf\u00f6r ditt bes\u00f6k"},"content":{"rendered":"<p>Det b\u00e4sta s\u00e4ttet att l\u00e4ra k\u00e4nna en skola \u00e4r genom att bes\u00f6ka den p\u00e5 plats. Under v\u00e5ra \u00f6ppna hus f\u00e5r du m\u00f6jlighet att utforska v\u00e5ra lokaler och prata med b\u00e5de elever och personal f\u00f6r att st\u00e4lla fr\u00e5gor om v\u00e5ra program och v\u00e5r verksamhet. Nedan hittar du n\u00e5gra viktiga tips f\u00f6r att f\u00e5 ut det mesta av ditt bes\u00f6k!<\/p>\n<h3>F\u00f6re bes\u00f6ket<\/h3>\n<ul>\n<li><strong>L\u00e4s p\u00e5 om skolan<\/strong>: Innan du bes\u00f6ker en skola, ta reda p\u00e5 vilka program skolan erbjuder, dess v\u00e4rderingar, aktiviteter och framg\u00e5ngshistorier fr\u00e5n tidigare elever. Detta hj\u00e4lper dig att f\u00f6rst\u00e5 om skolan matchar dina intressen och m\u00e5l.<\/li>\n<li><strong>F\u00f6rbered fr\u00e5gor<\/strong>: Skriv ner en lista med fr\u00e5gor du har om skolan, programmen, st\u00f6dtj\u00e4nster, studielivet och andra aspekter som \u00e4r viktiga f\u00f6r dig. Exempel p\u00e5 fr\u00e5gor att st\u00e4lla kan t.ex. vara:\n<ul>\n<li>Hur ser schemat ut?<\/li>\n<li>Vilka kurser l\u00e4ser man p\u00e5 programmet?<\/li>\n<li>Hur \u00e4r skolmaten?<\/li>\n<li>Varf\u00f6r ska jag v\u00e4lja den h\u00e4r skolan?<\/li>\n<\/ul>\n<\/li>\n<li><strong>Planera ditt bes\u00f6k<\/strong>: Kontrollera datum och tid f\u00f6r \u00f6ppet hus och se till att du vet hur du tar dig till skolan.<\/li>\n<\/ul>\n<p><img loading=\"lazy\" decoding=\"async\" class=\"alignnone wp-image-4912 size-large\" src=\"https:\/\/tibble.nu\/campus-kista\/wp-content\/uploads\/sites\/2\/2021\/07\/Tibble_kista_lowres-2982-e1628495577396-1024x561.jpg\" alt=\"Fyra elever i klassrum som skrattar\" width=\"1024\" height=\"561\" srcset=\"https:\/\/tibble.nu\/campus-kista\/wp-content\/uploads\/sites\/2\/2021\/07\/Tibble_kista_lowres-2982-e1628495577396-1024x561.jpg 1024w, https:\/\/tibble.nu\/campus-kista\/wp-content\/uploads\/sites\/2\/2021\/07\/Tibble_kista_lowres-2982-e1628495577396-300x164.jpg 300w, https:\/\/tibble.nu\/campus-kista\/wp-content\/uploads\/sites\/2\/2021\/07\/Tibble_kista_lowres-2982-e1628495577396-768x420.jpg 768w, https:\/\/tibble.nu\/campus-kista\/wp-content\/uploads\/sites\/2\/2021\/07\/Tibble_kista_lowres-2982-e1628495577396-1536x841.jpg 1536w, https:\/\/tibble.nu\/campus-kista\/wp-content\/uploads\/sites\/2\/2021\/07\/Tibble_kista_lowres-2982-e1628495577396-150x82.jpg 150w, https:\/\/tibble.nu\/campus-kista\/wp-content\/uploads\/sites\/2\/2021\/07\/Tibble_kista_lowres-2982-e1628495577396-660x361.jpg 660w, https:\/\/tibble.nu\/campus-kista\/wp-content\/uploads\/sites\/2\/2021\/07\/Tibble_kista_lowres-2982-e1628495577396.jpg 1790w\" sizes=\"auto, (max-width: 1024px) 100vw, 1024px\" \/><\/p>\n<h3>Under bes\u00f6ket<\/h3>\n<ul>\n<li><strong>Lyssna p\u00e5 presentationer<\/strong>: Delta i presentationer f\u00f6r att f\u00e5 en djupare f\u00f6rst\u00e5else av skolan och utbildningarna.<\/li>\n<li><strong>St\u00e4ll fr\u00e5gor<\/strong>: Anv\u00e4nd listan med fr\u00e5gor du f\u00f6rberett och f\u00f6rs\u00f6k att prata med b\u00e5de l\u00e4rare och elever. Det \u00e4r en gyllene chans att f\u00e5 information ur f\u00f6rsta hand.<\/li>\n<li><strong>Se dig runt i skolan<\/strong>: F\u00e5 en k\u00e4nsla f\u00f6r skolans atmosf\u00e4r f\u00f6r att f\u00f6rs\u00f6ka f\u00e5 en uppfattning om det \u00e4r en plats du kommer att trivas p\u00e5.<\/li>\n<li><strong>Samla material<\/strong>: Ta med broschyrer, kursplaner och annat informationsmaterial som delas ut. Detta kan vara v\u00e4rdefullt att g\u00e5 igenom i lugn och ro efter\u00e5t.<\/li>\n<\/ul>\n<p><img loading=\"lazy\" decoding=\"async\" class=\"alignnone wp-image-6504 size-large\" src=\"https:\/\/tibble.nu\/campus-kista\/wp-content\/uploads\/sites\/2\/2021\/08\/kista_R9Q1394_lowres_web-1024x683.jpg\" alt=\"Tv\u00e5 elever p\u00e5 skolg\u00e5rd som tittar ner i bok\" width=\"1024\" height=\"683\" srcset=\"https:\/\/tibble.nu\/campus-kista\/wp-content\/uploads\/sites\/2\/2021\/08\/kista_R9Q1394_lowres_web-1024x683.jpg 1024w, https:\/\/tibble.nu\/campus-kista\/wp-content\/uploads\/sites\/2\/2021\/08\/kista_R9Q1394_lowres_web-300x200.jpg 300w, https:\/\/tibble.nu\/campus-kista\/wp-content\/uploads\/sites\/2\/2021\/08\/kista_R9Q1394_lowres_web-768x512.jpg 768w, https:\/\/tibble.nu\/campus-kista\/wp-content\/uploads\/sites\/2\/2021\/08\/kista_R9Q1394_lowres_web-1536x1024.jpg 1536w, https:\/\/tibble.nu\/campus-kista\/wp-content\/uploads\/sites\/2\/2021\/08\/kista_R9Q1394_lowres_web-2048x1366.jpg 2048w, https:\/\/tibble.nu\/campus-kista\/wp-content\/uploads\/sites\/2\/2021\/08\/kista_R9Q1394_lowres_web-150x100.jpg 150w, https:\/\/tibble.nu\/campus-kista\/wp-content\/uploads\/sites\/2\/2021\/08\/kista_R9Q1394_lowres_web-660x440.jpg 660w\" sizes=\"auto, (max-width: 1024px) 100vw, 1024px\" \/><\/p>\n<h3>Efter bes\u00f6ket<\/h3>\n<ul>\n<li><strong>Reflektera \u00f6ver bes\u00f6ket<\/strong>: Fundera \u00f6ver din upplevelse och g\u00f6r en lista p\u00e5 det du gillade och inte gillade med skolan.<\/li>\n<li><strong>J\u00e4mf\u00f6r skolor<\/strong>: Om du bes\u00f6ker flera skolor, j\u00e4mf\u00f6r dem med varandra baserat p\u00e5 vad som \u00e4r viktigast f\u00f6r dig.<\/li>\n<li><strong>Om du har fler fr\u00e5gor eller funderingar<\/strong>: Kontakta skolan om du har fler fr\u00e5gor eller prata med SYV om du fortfarande \u00e4r os\u00e4ker. Du kan ocks\u00e5 g\u00f6ra v\u00e5rt <a href=\"https:\/\/tibble.nu\/campus-kista\/gymnasietest-10-fragor\/\"><em><u>Gymnasietest<\/u><\/em> <\/a>som hj\u00e4lper dig ta reda p\u00e5 vilken skola och vilket program \u00e4r r\u00e4tt f\u00f6r dig.<\/li>\n<\/ul>\n<p>Att bes\u00f6ka \u00f6ppet hus p\u00e5 gymnasieskolor \u00e4r en viktig del i processen att v\u00e4lja r\u00e4tt skola f\u00f6r dig. Genom att f\u00f6lja dessa steg kan du maximera din upplevelse och g\u00f6ra ett informerat beslut i gymnasievalet. Lycka till!<\/p>\n","protected":false},"excerpt":{"rendered":"<p>Det b\u00e4sta s\u00e4ttet att l\u00e4ra k\u00e4nna en skola \u00e4r genom att bes\u00f6ka den p\u00e5 plats. Under v\u00e5ra \u00f6ppna hus f\u00e5r du m\u00f6jlighet att utforska v\u00e5ra lokaler och prata med b\u00e5de elever och personal f\u00f6r att st\u00e4lla fr\u00e5gor om v\u00e5ra program&#8230;<\/p>\n","protected":false},"author":14,"featured_media":0,"parent":5848,"menu_order":0,"comment_status":"closed","ping_status":"closed","template":"","meta":{"footnotes":""},"class_list":["post-7339","page","type-page","status-publish","hentry"],"acf":[],"_links":{"self":[{"href":"https:\/\/tibble.nu\/campus-kista\/wp-json\/wp\/v2\/pages\/7339","targetHints":{"allow":["GET"]}}],"collection":[{"href":"https:\/\/tibble.nu\/campus-kista\/wp-json\/wp\/v2\/pages"}],"about":[{"href":"https:\/\/tibble.nu\/campus-kista\/wp-json\/wp\/v2\/types\/page"}],"author":[{"embeddable":true,"href":"https:\/\/tibble.nu\/campus-kista\/wp-json\/wp\/v2\/users\/14"}],"replies":[{"embeddable":true,"href":"https:\/\/tibble.nu\/campus-kista\/wp-json\/wp\/v2\/comments?post=7339"}],"version-history":[{"count":4,"href":"https:\/\/tibble.nu\/campus-kista\/wp-json\/wp\/v2\/pages\/7339\/revisions"}],"predecessor-version":[{"id":7789,"href":"https:\/\/tibble.nu\/campus-kista\/wp-json\/wp\/v2\/pages\/7339\/revisions\/7789"}],"up":[{"embeddable":true,"href":"https:\/\/tibble.nu\/campus-kista\/wp-json\/wp\/v2\/pages\/5848"}],"wp:attachment":[{"href":"https:\/\/tibble.nu\/campus-kista\/wp-json\/wp\/v2\/media?parent=7339"}],"curies":[{"name":"wp","href":"https:\/\/api.w.org\/{rel}","templated":true}]}}