{"id":6430,"date":"2022-10-25T09:22:07","date_gmt":"2022-10-25T07:22:07","guid":{"rendered":"https:\/\/tibble.nu\/campus-kista\/?page_id=6430"},"modified":"2022-10-25T09:30:07","modified_gmt":"2022-10-25T07:30:07","slug":"gymnasiemassan-nordvast","status":"publish","type":"page","link":"https:\/\/tibble.nu\/campus-kista\/gymnasiemassan-nordvast\/","title":{"rendered":"Gymnasiem\u00e4ssan Nordv\u00e4st"},"content":{"rendered":"<p>P\u00e5 Gymnasiem\u00e4ssan Nordv\u00e4st m\u00f6ter du gymnasieskolor i nordv\u00e4stra Stockholm som erbjuder en stor bredd av olika program och inriktningar. Prata med elever, l\u00e4rare och studie- och yrkesv\u00e4gledare f\u00f6r att h\u00e4mta inspiration inf\u00f6r ditt val av utbildning och skola.<\/p>\n<p>Tibble Campus Kista kommer vara p\u00e5 plats f\u00f6r att ber\u00e4tta mer om skolan och v\u00e5ra utbildningar. Kom och tr\u00e4ffa oss!<\/p>\n","protected":false},"excerpt":{"rendered":"<p>P\u00e5 Gymnasiem\u00e4ssan Nordv\u00e4st m\u00f6ter du gymnasieskolor i nordv\u00e4stra Stockholm som erbjuder en stor bredd av olika program och inriktningar. Prata med elever, l\u00e4rare och studie- och yrkesv\u00e4gledare f\u00f6r att h\u00e4mta inspiration inf\u00f6r ditt val av utbildning och skola. Tibble Campus&#8230;<\/p>\n","protected":false},"author":14,"featured_media":0,"parent":0,"menu_order":0,"comment_status":"closed","ping_status":"closed","template":"","meta":{"footnotes":""},"class_list":["post-6430","page","type-page","status-publish","hentry"],"acf":[],"_links":{"self":[{"href":"https:\/\/tibble.nu\/campus-kista\/wp-json\/wp\/v2\/pages\/6430","targetHints":{"allow":["GET"]}}],"collection":[{"href":"https:\/\/tibble.nu\/campus-kista\/wp-json\/wp\/v2\/pages"}],"about":[{"href":"https:\/\/tibble.nu\/campus-kista\/wp-json\/wp\/v2\/types\/page"}],"author":[{"embeddable":true,"href":"https:\/\/tibble.nu\/campus-kista\/wp-json\/wp\/v2\/users\/14"}],"replies":[{"embeddable":true,"href":"https:\/\/tibble.nu\/campus-kista\/wp-json\/wp\/v2\/comments?post=6430"}],"version-history":[{"count":5,"href":"https:\/\/tibble.nu\/campus-kista\/wp-json\/wp\/v2\/pages\/6430\/revisions"}],"predecessor-version":[{"id":6441,"href":"https:\/\/tibble.nu\/campus-kista\/wp-json\/wp\/v2\/pages\/6430\/revisions\/6441"}],"wp:attachment":[{"href":"https:\/\/tibble.nu\/campus-kista\/wp-json\/wp\/v2\/media?parent=6430"}],"curies":[{"name":"wp","href":"https:\/\/api.w.org\/{rel}","templated":true}]}}