{"id":5994,"date":"2022-01-24T12:09:10","date_gmt":"2022-01-24T11:09:10","guid":{"rendered":"https:\/\/tibble.nu\/campus-kista\/?page_id=5994"},"modified":"2022-01-24T12:10:30","modified_gmt":"2022-01-24T11:10:30","slug":"hur-fungerar-gymnasiet","status":"publish","type":"page","link":"https:\/\/tibble.nu\/campus-kista\/gymnasievalet\/hur-fungerar-gymnasiet\/","title":{"rendered":"Hur fungerar gymnasiet?"},"content":{"rendered":"<section class=\"elementor-section elementor-top-section elementor-element elementor-element-528a3df elementor-section-boxed elementor-section-height-default elementor-section-height-default\" data-id=\"528a3df\" data-element_type=\"section\">\n<div class=\"elementor-container elementor-column-gap-default\">\n<div class=\"elementor-row\">\n<div class=\"elementor-column elementor-col-100 elementor-top-column elementor-element elementor-element-e59608e\" data-id=\"e59608e\" data-element_type=\"column\">\n<div class=\"elementor-column-wrap elementor-element-populated\">\n<div class=\"elementor-widget-wrap\">\n<section class=\"elementor-section elementor-inner-section elementor-element elementor-element-7b13ad9 elementor-section-boxed elementor-section-height-default elementor-section-height-default\" data-id=\"7b13ad9\" data-element_type=\"section\">\n<div class=\"elementor-container elementor-column-gap-default\">\n<div class=\"elementor-row\">\n<div class=\"elementor-column elementor-col-100 elementor-inner-column elementor-element elementor-element-4fbf3fa\" data-id=\"4fbf3fa\" data-element_type=\"column\">\n<div class=\"elementor-column-wrap elementor-element-populated\">\n<div class=\"elementor-widget-wrap\">\n<div class=\"elementor-element elementor-element-779182d elementor-widget elementor-widget-text-editor\" data-id=\"779182d\" data-element_type=\"widget\" data-widget_type=\"text-editor.default\">\n<div class=\"elementor-widget-container\">\n<div class=\"elementor-text-editor elementor-clearfix\">\n<p>Cedergrenska f\u00f6rklarar \u00e4r en filmserie d\u00e4r v\u00e5ra medarbetare f\u00f6rklarar hur olika delar av gymnasiet fungerar. Kanske g\u00e5r du redan p\u00e5 gymnasiet eller ska snart b\u00f6rja och har funderingar p\u00e5 hur du ska t\u00e4nka kring ditt spr\u00e5kval eller vad meritpo\u00e4ng \u00e4r f\u00f6r n\u00e5got? D\u00e5 hoppas vi att dessa filmer ska hj\u00e4lpa dig!<\/p>\n<h3>Avsnitt 1: Spr\u00e5kval<\/h3>\n<div class=\"video-embed-container\"><iframe loading=\"lazy\" title=\"Hur fungerar gymnasiet? Del 1: Spr\u00e5kval\" width=\"500\" height=\"281\" src=\"https:\/\/www.youtube.com\/embed\/0ZwQX12l6_s?start=8&#038;feature=oembed\" frameborder=\"0\" allow=\"accelerometer; autoplay; clipboard-write; encrypted-media; gyroscope; picture-in-picture; web-share\" referrerpolicy=\"strict-origin-when-cross-origin\" allowfullscreen><\/iframe><\/div>\n<p>&nbsp;<\/p>\n<h3>Avsnitt 2: Meritpo\u00e4ng<\/h3>\n<div class=\"video-embed-container\"><iframe loading=\"lazy\" title=\"Hur fungerar gymnasiet? Del 2: Meritpo\u00e4ng\" width=\"500\" height=\"281\" src=\"https:\/\/www.youtube.com\/embed\/YFUfYHlh6LA?feature=oembed\" frameborder=\"0\" allow=\"accelerometer; autoplay; clipboard-write; encrypted-media; gyroscope; picture-in-picture; web-share\" referrerpolicy=\"strict-origin-when-cross-origin\" allowfullscreen><\/iframe><\/div>\n<p>&nbsp;<\/p>\n<h3>Avsnitt 3: Beh\u00f6righet<\/h3>\n<div class=\"video-embed-container\"><iframe loading=\"lazy\" title=\"Hur fungerar gymnasiet? Del 3: Beho\u0308righet\" width=\"500\" height=\"281\" src=\"https:\/\/www.youtube.com\/embed\/kB4TF1-7FPg?feature=oembed\" frameborder=\"0\" allow=\"accelerometer; autoplay; clipboard-write; encrypted-media; gyroscope; picture-in-picture; web-share\" referrerpolicy=\"strict-origin-when-cross-origin\" allowfullscreen><\/iframe><\/div>\n<\/div>\n<\/div>\n<\/div>\n<\/div>\n<\/div>\n<\/div>\n<\/div>\n<\/div>\n<\/section>\n<\/div>\n<\/div>\n<\/div>\n<\/div>\n<\/div>\n<\/section>\n<section class=\"elementor-section elementor-top-section elementor-element elementor-element-e0f2dd8 elementor-section-boxed elementor-section-height-default elementor-section-height-default\" data-id=\"e0f2dd8\" data-element_type=\"section\">\n<div class=\"elementor-container elementor-column-gap-default\">\n<div class=\"elementor-row\">\n<div class=\"elementor-column elementor-col-50 elementor-top-column elementor-element elementor-element-de20849\" data-id=\"de20849\" data-element_type=\"column\">\n<div class=\"elementor-column-wrap elementor-element-populated\">\n<div class=\"elementor-widget-wrap\">\n<div class=\"elementor-element elementor-element-d75bda0 elementor-aspect-ratio-169 elementor-widget elementor-widget-video\" data-id=\"d75bda0\" data-element_type=\"widget\" data-settings=\"{&quot;youtube_url&quot;:&quot;https:\\\/\\\/www.youtube.com\\\/watch?v=0ZwQX12l6_s&amp;list=PLNheEr2ACm0xO88j_sVWvwTIA96a14_PX&quot;,&quot;video_type&quot;:&quot;youtube&quot;,&quot;controls&quot;:&quot;yes&quot;,&quot;aspect_ratio&quot;:&quot;169&quot;}\" data-widget_type=\"video.default\">\n<div class=\"elementor-widget-container\">\n<div class=\"elementor-wrapper elementor-fit-aspect-ratio elementor-open-inline\"><\/div>\n<\/div>\n<\/div>\n<\/div>\n<\/div>\n<\/div>\n<\/div>\n<\/div>\n<\/section>\n","protected":false},"excerpt":{"rendered":"<p>Cedergrenska f\u00f6rklarar \u00e4r en filmserie d\u00e4r v\u00e5ra medarbetare f\u00f6rklarar hur olika delar av gymnasiet fungerar. Kanske g\u00e5r du redan p\u00e5 gymnasiet eller ska snart b\u00f6rja och har funderingar p\u00e5 hur du ska t\u00e4nka kring ditt spr\u00e5kval eller vad meritpo\u00e4ng \u00e4r&#8230;<\/p>\n","protected":false},"author":14,"featured_media":0,"parent":5057,"menu_order":0,"comment_status":"closed","ping_status":"closed","template":"","meta":{"footnotes":""},"class_list":["post-5994","page","type-page","status-publish","hentry"],"acf":[],"_links":{"self":[{"href":"https:\/\/tibble.nu\/campus-kista\/wp-json\/wp\/v2\/pages\/5994","targetHints":{"allow":["GET"]}}],"collection":[{"href":"https:\/\/tibble.nu\/campus-kista\/wp-json\/wp\/v2\/pages"}],"about":[{"href":"https:\/\/tibble.nu\/campus-kista\/wp-json\/wp\/v2\/types\/page"}],"author":[{"embeddable":true,"href":"https:\/\/tibble.nu\/campus-kista\/wp-json\/wp\/v2\/users\/14"}],"replies":[{"embeddable":true,"href":"https:\/\/tibble.nu\/campus-kista\/wp-json\/wp\/v2\/comments?post=5994"}],"version-history":[{"count":2,"href":"https:\/\/tibble.nu\/campus-kista\/wp-json\/wp\/v2\/pages\/5994\/revisions"}],"predecessor-version":[{"id":5997,"href":"https:\/\/tibble.nu\/campus-kista\/wp-json\/wp\/v2\/pages\/5994\/revisions\/5997"}],"up":[{"embeddable":true,"href":"https:\/\/tibble.nu\/campus-kista\/wp-json\/wp\/v2\/pages\/5057"}],"wp:attachment":[{"href":"https:\/\/tibble.nu\/campus-kista\/wp-json\/wp\/v2\/media?parent=5994"}],"curies":[{"name":"wp","href":"https:\/\/api.w.org\/{rel}","templated":true}]}}