{"id":5500,"date":"2021-08-19T15:45:52","date_gmt":"2021-08-19T13:45:52","guid":{"rendered":"http:\/\/tibble.nu\/campus-kista\/?page_id=5500"},"modified":"2026-02-11T10:52:56","modified_gmt":"2026-02-11T09:52:56","slug":"bibliotek","status":"publish","type":"page","link":"https:\/\/tibble.nu\/campus-kista\/om-tibble\/bibliotek\/","title":{"rendered":"Bibliotek"},"content":{"rendered":"<p class=\"x_elementToProof\" data-olk-copy-source=\"MessageBody\">Biblioteket ligger i fr\u00e4scha lokaler som har b\u00e5de avskilda och \u00f6ppna studieplatser. Det \u00e4r bel\u00e4get i en tyst avdelning p\u00e5 skolan som ger utrymme till studier i lugn och ro.<\/p>\n<p class=\"x_elementToProof\">Tillsammans med biblioteket p\u00e5 v\u00e5r systerskola i T\u00e4by har vi samlat ihop en stor m\u00e4ngd databaser och l\u00e4nksamlingar som kan komma till anv\u00e4ndning i dina studier.<\/p>\n","protected":false},"excerpt":{"rendered":"<p>Biblioteket ligger i fr\u00e4scha lokaler som har b\u00e5de avskilda och \u00f6ppna studieplatser. Det \u00e4r bel\u00e4get i en tyst avdelning p\u00e5 skolan som ger utrymme till studier i lugn och ro. Tillsammans med biblioteket p\u00e5 v\u00e5r systerskola i T\u00e4by har vi&#8230;<\/p>\n","protected":false},"author":14,"featured_media":0,"parent":4907,"menu_order":0,"comment_status":"closed","ping_status":"closed","template":"","meta":{"footnotes":""},"class_list":["post-5500","page","type-page","status-publish","hentry"],"acf":[],"_links":{"self":[{"href":"https:\/\/tibble.nu\/campus-kista\/wp-json\/wp\/v2\/pages\/5500","targetHints":{"allow":["GET"]}}],"collection":[{"href":"https:\/\/tibble.nu\/campus-kista\/wp-json\/wp\/v2\/pages"}],"about":[{"href":"https:\/\/tibble.nu\/campus-kista\/wp-json\/wp\/v2\/types\/page"}],"author":[{"embeddable":true,"href":"https:\/\/tibble.nu\/campus-kista\/wp-json\/wp\/v2\/users\/14"}],"replies":[{"embeddable":true,"href":"https:\/\/tibble.nu\/campus-kista\/wp-json\/wp\/v2\/comments?post=5500"}],"version-history":[{"count":6,"href":"https:\/\/tibble.nu\/campus-kista\/wp-json\/wp\/v2\/pages\/5500\/revisions"}],"predecessor-version":[{"id":12993,"href":"https:\/\/tibble.nu\/campus-kista\/wp-json\/wp\/v2\/pages\/5500\/revisions\/12993"}],"up":[{"embeddable":true,"href":"https:\/\/tibble.nu\/campus-kista\/wp-json\/wp\/v2\/pages\/4907"}],"wp:attachment":[{"href":"https:\/\/tibble.nu\/campus-kista\/wp-json\/wp\/v2\/media?parent=5500"}],"curies":[{"name":"wp","href":"https:\/\/api.w.org\/{rel}","templated":true}]}}