{"id":5331,"date":"2021-08-11T11:39:35","date_gmt":"2021-08-11T09:39:35","guid":{"rendered":"http:\/\/tibble.nu\/campus-kista\/?page_id=5331"},"modified":"2025-11-10T14:34:01","modified_gmt":"2025-11-10T13:34:01","slug":"poangplaner","status":"publish","type":"page","link":"https:\/\/tibble.nu\/campus-kista\/gymnasievalet\/poangplaner\/","title":{"rendered":"Po\u00e4ngplaner"},"content":{"rendered":"<p>Nedan hittar du po\u00e4ngplaner f\u00f6r respektive program p\u00e5 Tibble Campus Kista. De olika inriktningarna \u00e4r inkluderade i programmets po\u00e4ngplan.<\/p>\n","protected":false},"excerpt":{"rendered":"<p>Nedan hittar du po\u00e4ngplaner f\u00f6r respektive program p\u00e5 Tibble Campus Kista. De olika inriktningarna \u00e4r inkluderade i programmets po\u00e4ngplan.<\/p>\n","protected":false},"author":14,"featured_media":0,"parent":5057,"menu_order":0,"comment_status":"closed","ping_status":"closed","template":"","meta":{"footnotes":""},"class_list":["post-5331","page","type-page","status-publish","hentry"],"acf":[],"_links":{"self":[{"href":"https:\/\/tibble.nu\/campus-kista\/wp-json\/wp\/v2\/pages\/5331","targetHints":{"allow":["GET"]}}],"collection":[{"href":"https:\/\/tibble.nu\/campus-kista\/wp-json\/wp\/v2\/pages"}],"about":[{"href":"https:\/\/tibble.nu\/campus-kista\/wp-json\/wp\/v2\/types\/page"}],"author":[{"embeddable":true,"href":"https:\/\/tibble.nu\/campus-kista\/wp-json\/wp\/v2\/users\/14"}],"replies":[{"embeddable":true,"href":"https:\/\/tibble.nu\/campus-kista\/wp-json\/wp\/v2\/comments?post=5331"}],"version-history":[{"count":5,"href":"https:\/\/tibble.nu\/campus-kista\/wp-json\/wp\/v2\/pages\/5331\/revisions"}],"predecessor-version":[{"id":11091,"href":"https:\/\/tibble.nu\/campus-kista\/wp-json\/wp\/v2\/pages\/5331\/revisions\/11091"}],"up":[{"embeddable":true,"href":"https:\/\/tibble.nu\/campus-kista\/wp-json\/wp\/v2\/pages\/5057"}],"wp:attachment":[{"href":"https:\/\/tibble.nu\/campus-kista\/wp-json\/wp\/v2\/media?parent=5331"}],"curies":[{"name":"wp","href":"https:\/\/api.w.org\/{rel}","templated":true}]}}