{"id":5270,"date":"2021-08-09T13:30:49","date_gmt":"2021-08-09T11:30:49","guid":{"rendered":"http:\/\/tibble.nu\/campus-kista\/?page_id=5270"},"modified":"2025-11-14T09:35:31","modified_gmt":"2025-11-14T08:35:31","slug":"antagningsgrans-median","status":"publish","type":"page","link":"https:\/\/tibble.nu\/campus-kista\/gymnasievalet\/antagningsgrans-median\/","title":{"rendered":"Antagningsgr\u00e4ns &amp; median"},"content":{"rendered":"<p>H\u00e4r hittar du antagningsgr\u00e4nserna och median till alla program och inriktningar p\u00e5 Tibble inf\u00f6r gymnasiestart h\u00f6stterminen 2025.<\/p>\n<p><a href=\"https:\/\/ednia.se\/rakna-ut-meritvarde?skola=tibblekista\" target=\"_blank\" rel=\"noopener\">Klicka h\u00e4r f\u00f6r att r\u00e4kna ut ditt meritv\u00e4rde.<\/a><\/p>\n","protected":false},"excerpt":{"rendered":"<p>H\u00e4r hittar du antagningsgr\u00e4nserna och median till alla program och inriktningar p\u00e5 Tibble inf\u00f6r gymnasiestart h\u00f6stterminen 2025. Klicka h\u00e4r f\u00f6r att r\u00e4kna ut ditt meritv\u00e4rde.<\/p>\n","protected":false},"author":14,"featured_media":0,"parent":5057,"menu_order":0,"comment_status":"closed","ping_status":"closed","template":"","meta":{"footnotes":""},"class_list":["post-5270","page","type-page","status-publish","hentry"],"acf":[],"_links":{"self":[{"href":"https:\/\/tibble.nu\/campus-kista\/wp-json\/wp\/v2\/pages\/5270","targetHints":{"allow":["GET"]}}],"collection":[{"href":"https:\/\/tibble.nu\/campus-kista\/wp-json\/wp\/v2\/pages"}],"about":[{"href":"https:\/\/tibble.nu\/campus-kista\/wp-json\/wp\/v2\/types\/page"}],"author":[{"embeddable":true,"href":"https:\/\/tibble.nu\/campus-kista\/wp-json\/wp\/v2\/users\/14"}],"replies":[{"embeddable":true,"href":"https:\/\/tibble.nu\/campus-kista\/wp-json\/wp\/v2\/comments?post=5270"}],"version-history":[{"count":6,"href":"https:\/\/tibble.nu\/campus-kista\/wp-json\/wp\/v2\/pages\/5270\/revisions"}],"predecessor-version":[{"id":11171,"href":"https:\/\/tibble.nu\/campus-kista\/wp-json\/wp\/v2\/pages\/5270\/revisions\/11171"}],"up":[{"embeddable":true,"href":"https:\/\/tibble.nu\/campus-kista\/wp-json\/wp\/v2\/pages\/5057"}],"wp:attachment":[{"href":"https:\/\/tibble.nu\/campus-kista\/wp-json\/wp\/v2\/media?parent=5270"}],"curies":[{"name":"wp","href":"https:\/\/api.w.org\/{rel}","templated":true}]}}