{"id":5261,"date":"2021-08-09T12:39:28","date_gmt":"2021-08-09T10:39:28","guid":{"rendered":"http:\/\/tibble.nu\/campus-kista\/?page_id=5261"},"modified":"2021-08-22T20:26:26","modified_gmt":"2021-08-22T18:26:26","slug":"lararintervju-med-martin-hyren","status":"publish","type":"page","link":"https:\/\/tibble.nu\/campus-kista\/om-tibble\/projektvecka\/lararintervju-med-martin-hyren\/","title":{"rendered":"L\u00e4rarintervju med Martin Hyr\u00e9n"},"content":{"rendered":"<p><em>L\u00e4rare i historia och samh\u00e4llskunskap, samt ansvarig f\u00f6r Projektveckan.<\/em><\/p>\n<p>N\u00e4r Martin Hyr\u00e9n och hans kollegor var med och byggde upp den nya skolan diskuterade de hur man b\u00e4st skapar samh\u00e4llsf\u00f6r\u00e4ndring, vilket \u00e4r en central fr\u00e5ga p\u00e5 Tibble Campus Kista. De kom d\u00e5 fram till att projektformen var det b\u00e4sta s\u00e4ttet f\u00f6r eleverna att arbeta p\u00e5, vilket resulterade i <em>Projektveckorna<\/em>.<\/p>\n<p>&#8221;Det ger eleverna det b\u00e4sta av tv\u00e5 v\u00e4rldar. Det kr\u00e4vs kreativitet och samarbetsf\u00f6rm\u00e5ga f\u00f6r att l\u00f6sa uppdragen, men det kr\u00e4vs ocks\u00e5 att man kan h\u00e5lla sig inom en v\u00e4ldigt tydlig vetenskaplig ram.&#8221;<\/p>\n<p>Projektveckorna infaller fyra g\u00e5nger per l\u00e4s\u00e5r d\u00e5 de vanliga lektionerna avbryts och eleverna i st\u00e4llet f\u00e5r arbeta \u00e4mnes\u00f6vergripande i grupp med ett projekt som ber\u00f6r ett av de globala m\u00e5len. Syftet med arbetet \u00e4r att efter varje projekt ha kommit ett steg n\u00e4rmare h\u00e5llbarhetsm\u00e5len i Agenda 2030. Detta genomf\u00f6rs i tre steg d\u00e5 eleverna dels f\u00e5r studera de globala m\u00e5len, sedan unders\u00f6ka hur v\u00e4l samh\u00e4llet i stort\u00a0uppfyller dessa m\u00e5l och till sist f\u00f6rs\u00f6ka ge konkreta tips till hur vi kan uppn\u00e5 m\u00e5len. Eleverna har i sina projekt varit i kontakt med b\u00e5de f\u00f6retag, organisationer och politiker vilket har resulterat i b\u00e5de skriftliga uppsatser och redovisningar, samt informationskampanjer.<\/p>\n<p>Parallellt med arbetet med projektveckan undervisar Martin i historia och samh\u00e4llskunskap p\u00e5 Tibble Campus Kista och han ser hur dessa projektarbeten l\u00e4r eleverna b\u00e5de hur arbetslivet och universitetsstudier fungerar.<\/p>\n<p>&#8221;Just samarbetet, kreativiteten och inte minst presentationen av dessa projekt ger dem verktyg och nycklar f\u00f6r att lyckas i s\u00e5v\u00e4l framtida studier som p\u00e5 arbetsmarknaden.&#8221;<\/p>\n","protected":false},"excerpt":{"rendered":"<p>L\u00e4rare i historia och samh\u00e4llskunskap, samt ansvarig f\u00f6r Projektveckan. N\u00e4r Martin Hyr\u00e9n och hans kollegor var med och byggde upp den nya skolan diskuterade de hur man b\u00e4st skapar samh\u00e4llsf\u00f6r\u00e4ndring, vilket \u00e4r en central fr\u00e5ga p\u00e5 Tibble Campus Kista. De&#8230;<\/p>\n","protected":false},"author":14,"featured_media":0,"parent":4942,"menu_order":0,"comment_status":"closed","ping_status":"closed","template":"","meta":{"footnotes":""},"class_list":["post-5261","page","type-page","status-publish","hentry"],"acf":[],"_links":{"self":[{"href":"https:\/\/tibble.nu\/campus-kista\/wp-json\/wp\/v2\/pages\/5261","targetHints":{"allow":["GET"]}}],"collection":[{"href":"https:\/\/tibble.nu\/campus-kista\/wp-json\/wp\/v2\/pages"}],"about":[{"href":"https:\/\/tibble.nu\/campus-kista\/wp-json\/wp\/v2\/types\/page"}],"author":[{"embeddable":true,"href":"https:\/\/tibble.nu\/campus-kista\/wp-json\/wp\/v2\/users\/14"}],"replies":[{"embeddable":true,"href":"https:\/\/tibble.nu\/campus-kista\/wp-json\/wp\/v2\/comments?post=5261"}],"version-history":[{"count":3,"href":"https:\/\/tibble.nu\/campus-kista\/wp-json\/wp\/v2\/pages\/5261\/revisions"}],"predecessor-version":[{"id":5588,"href":"https:\/\/tibble.nu\/campus-kista\/wp-json\/wp\/v2\/pages\/5261\/revisions\/5588"}],"up":[{"embeddable":true,"href":"https:\/\/tibble.nu\/campus-kista\/wp-json\/wp\/v2\/pages\/4942"}],"wp:attachment":[{"href":"https:\/\/tibble.nu\/campus-kista\/wp-json\/wp\/v2\/media?parent=5261"}],"curies":[{"name":"wp","href":"https:\/\/api.w.org\/{rel}","templated":true}]}}