{"id":5254,"date":"2021-08-09T12:32:15","date_gmt":"2021-08-09T10:32:15","guid":{"rendered":"http:\/\/tibble.nu\/campus-kista\/?page_id=5254"},"modified":"2025-10-20T16:53:52","modified_gmt":"2025-10-20T14:53:52","slug":"elevhalsa","status":"publish","type":"page","link":"https:\/\/tibble.nu\/campus-kista\/att-vara-elev-pa-tibble\/elevhalsa\/","title":{"rendered":"Elevh\u00e4lsa"},"content":{"rendered":"<p>P\u00e5 Tibble utg\u00e5r vi fr\u00e5n att l\u00e4rande och h\u00e4lsa g\u00e5r hand i hand. D\u00e4rf\u00f6r l\u00e4gger vi extra stor vikt vid att ha ett fantastiskt team best\u00e5ende av kurator, skolsk\u00f6terska, speciall\u00e4rare och socialpedagog som tillsammans utg\u00f6rs Tibbles elevh\u00e4lsa. Tillsammans med v\u00e5r studie- och yrkesv\u00e4gledare arbetar de med att f\u00f6rebygga och st\u00f6dja eleverna s\u00e5 de ska kunna uppn\u00e5 kunskapsm\u00e5len.<\/p>\n","protected":false},"excerpt":{"rendered":"<p>P\u00e5 Tibble utg\u00e5r vi fr\u00e5n att l\u00e4rande och h\u00e4lsa g\u00e5r hand i hand. D\u00e4rf\u00f6r l\u00e4gger vi extra stor vikt vid att ha ett fantastiskt team best\u00e5ende av kurator, skolsk\u00f6terska, speciall\u00e4rare och socialpedagog som tillsammans utg\u00f6rs Tibbles elevh\u00e4lsa. Tillsammans med v\u00e5r&#8230;<\/p>\n","protected":false},"author":14,"featured_media":0,"parent":5014,"menu_order":0,"comment_status":"closed","ping_status":"closed","template":"","meta":{"footnotes":""},"class_list":["post-5254","page","type-page","status-publish","hentry"],"acf":[],"_links":{"self":[{"href":"https:\/\/tibble.nu\/campus-kista\/wp-json\/wp\/v2\/pages\/5254","targetHints":{"allow":["GET"]}}],"collection":[{"href":"https:\/\/tibble.nu\/campus-kista\/wp-json\/wp\/v2\/pages"}],"about":[{"href":"https:\/\/tibble.nu\/campus-kista\/wp-json\/wp\/v2\/types\/page"}],"author":[{"embeddable":true,"href":"https:\/\/tibble.nu\/campus-kista\/wp-json\/wp\/v2\/users\/14"}],"replies":[{"embeddable":true,"href":"https:\/\/tibble.nu\/campus-kista\/wp-json\/wp\/v2\/comments?post=5254"}],"version-history":[{"count":6,"href":"https:\/\/tibble.nu\/campus-kista\/wp-json\/wp\/v2\/pages\/5254\/revisions"}],"predecessor-version":[{"id":10685,"href":"https:\/\/tibble.nu\/campus-kista\/wp-json\/wp\/v2\/pages\/5254\/revisions\/10685"}],"up":[{"embeddable":true,"href":"https:\/\/tibble.nu\/campus-kista\/wp-json\/wp\/v2\/pages\/5014"}],"wp:attachment":[{"href":"https:\/\/tibble.nu\/campus-kista\/wp-json\/wp\/v2\/media?parent=5254"}],"curies":[{"name":"wp","href":"https:\/\/api.w.org\/{rel}","templated":true}]}}