{"id":5057,"date":"2021-07-06T15:05:59","date_gmt":"2021-07-06T13:05:59","guid":{"rendered":"https:\/\/tibble.nu\/campus-kista\/?page_id=5057"},"modified":"2025-11-14T09:01:15","modified_gmt":"2025-11-14T08:01:15","slug":"gymnasievalet","status":"publish","type":"page","link":"https:\/\/tibble.nu\/campus-kista\/gymnasievalet\/","title":{"rendered":"Gymnasievalet"},"content":{"rendered":"<p>Att g\u00f6ra sitt gymnasieval kan k\u00e4nnas r\u00f6rigt och det \u00e4r mycket att h\u00e5lla reda p\u00e5. Men vi vill hj\u00e4lpa dig! V\u00e5r studie- och yrkesv\u00e4gledare har gjort en guide till dig som \u00e4r elev p\u00e5 h\u00f6gstadiet, och en f\u00f6r dig som \u00e4r v\u00e5rdnadshavare, med tips inf\u00f6r gymnasievalet.<\/p>\n<p>&nbsp;<\/p>\n<div class=\"video-embed-container\"><iframe loading=\"lazy\" title=\"V\u00e4lkommen till Tibble Gymnasium Campus Kista\" width=\"500\" height=\"281\" src=\"https:\/\/www.youtube.com\/embed\/jTs6zWyMjJ0?feature=oembed\" frameborder=\"0\" allow=\"accelerometer; autoplay; clipboard-write; encrypted-media; gyroscope; picture-in-picture; web-share\" referrerpolicy=\"strict-origin-when-cross-origin\" allowfullscreen><\/iframe><\/div>\n","protected":false},"excerpt":{"rendered":"<p>Att g\u00f6ra sitt gymnasieval kan k\u00e4nnas r\u00f6rigt och det \u00e4r mycket att h\u00e5lla reda p\u00e5. Men vi vill hj\u00e4lpa dig! V\u00e5r studie- och yrkesv\u00e4gledare har gjort en guide till dig som \u00e4r elev p\u00e5 h\u00f6gstadiet, och en f\u00f6r dig som&#8230;<\/p>\n","protected":false},"author":14,"featured_media":0,"parent":0,"menu_order":0,"comment_status":"closed","ping_status":"closed","template":"","meta":{"footnotes":""},"class_list":["post-5057","page","type-page","status-publish","hentry"],"acf":[],"_links":{"self":[{"href":"https:\/\/tibble.nu\/campus-kista\/wp-json\/wp\/v2\/pages\/5057","targetHints":{"allow":["GET"]}}],"collection":[{"href":"https:\/\/tibble.nu\/campus-kista\/wp-json\/wp\/v2\/pages"}],"about":[{"href":"https:\/\/tibble.nu\/campus-kista\/wp-json\/wp\/v2\/types\/page"}],"author":[{"embeddable":true,"href":"https:\/\/tibble.nu\/campus-kista\/wp-json\/wp\/v2\/users\/14"}],"replies":[{"embeddable":true,"href":"https:\/\/tibble.nu\/campus-kista\/wp-json\/wp\/v2\/comments?post=5057"}],"version-history":[{"count":5,"href":"https:\/\/tibble.nu\/campus-kista\/wp-json\/wp\/v2\/pages\/5057\/revisions"}],"predecessor-version":[{"id":11170,"href":"https:\/\/tibble.nu\/campus-kista\/wp-json\/wp\/v2\/pages\/5057\/revisions\/11170"}],"wp:attachment":[{"href":"https:\/\/tibble.nu\/campus-kista\/wp-json\/wp\/v2\/media?parent=5057"}],"curies":[{"name":"wp","href":"https:\/\/api.w.org\/{rel}","templated":true}]}}