{"id":12909,"date":"2026-02-06T14:44:34","date_gmt":"2026-02-06T13:44:34","guid":{"rendered":"https:\/\/tibble.nu\/campus-kista\/?page_id=12909"},"modified":"2026-02-06T14:46:40","modified_gmt":"2026-02-06T13:46:40","slug":"studieresa-bryssel","status":"publish","type":"page","link":"https:\/\/tibble.nu\/campus-kista\/studieresa-bryssel\/","title":{"rendered":"Studieresa Bryssel"},"content":{"rendered":"<p data-start=\"207\" data-end=\"435\">Varje \u00e5r skickar Tibble Campus Kista ett antal elever till Bryssel och EU-parlamentet. Resan \u00e4r en del av skolans arbete med att ge elever en b\u00e4ttre f\u00f6rst\u00e5else f\u00f6r hur EU fungerar och vilken roll Sverige har som medlemsland.<\/p>\n<p data-start=\"437\" data-end=\"758\">Under vistelsen f\u00e5r eleverna tr\u00e4ffa EU-parlamentariker och svenska representanter som arbetar inom EU:s institutioner. De f\u00e5r ta del av hur beslut fattas, hur samarbetet mellan l\u00e4nder ser ut och hur fr\u00e5gor som p\u00e5verkar v\u00e5r vardag \u2013 till exempel milj\u00f6, demokrati och m\u00e4nskliga r\u00e4ttigheter \u2013 hanteras p\u00e5 europeisk niv\u00e5.<\/p>\n<h3 data-start=\"760\" data-end=\"786\">En del av EPAS-arbetet<\/h3>\n<p data-start=\"788\" data-end=\"1111\">Tibble Campus Kista \u00e4r en <strong data-start=\"814\" data-end=\"868\">EPAS-skola <\/strong>(European Parliament Ambassador School). Det inneb\u00e4r att skolan arbetar aktivt med att \u00f6ka kunskapen om EU, b\u00e5de i undervisningen och genom praktiska erfarenheter. Resan till Bryssel \u00e4r ett s\u00e4tt att koppla det som tas upp i klassrummet till hur det faktiskt fungerar i verkligheten.<\/p>\n<p data-start=\"1113\" data-end=\"1313\">F\u00f6r m\u00e5nga elever blir resan ocks\u00e5 en chans att se vilka olika yrken som finns kopplade till EU och internationellt arbete, och att f\u00f6rst\u00e5 att det \u00e4r m\u00f6jligt att arbeta i s\u00e5dana sammanhang i framtiden.<\/p>\n<h3 data-start=\"1315\" data-end=\"1346\">Kunskap utanf\u00f6r klassrummet<\/h3>\n<p data-start=\"1348\" data-end=\"1553\">Genom studieresan f\u00e5r eleverna ett st\u00f6rre perspektiv p\u00e5 samh\u00e4llet och v\u00e4rlden omkring dem. M\u00e5let \u00e4r att ge \u00f6kad f\u00f6rst\u00e5else, v\u00e4cka fr\u00e5gor och skapa engagemang i samh\u00e4llsfr\u00e5gor \u2013 b\u00e5de i Sverige och i Europa.<\/p>\n\n\t\t<style type=\"text\/css\">\n\t\t\t#gallery-1 {\n\t\t\t\tmargin: auto;\n\t\t\t}\n\t\t\t#gallery-1 .gallery-item {\n\t\t\t\tfloat: left;\n\t\t\t\tmargin-top: 10px;\n\t\t\t\ttext-align: center;\n\t\t\t\twidth: 33%;\n\t\t\t}\n\t\t\t#gallery-1 img {\n\t\t\t\tborder: 2px solid #cfcfcf;\n\t\t\t}\n\t\t\t#gallery-1 .gallery-caption {\n\t\t\t\tmargin-left: 0;\n\t\t\t}\n\t\t\t\/* see gallery_shortcode() in wp-includes\/media.php *\/\n\t\t<\/style>\n\t\t<div id='gallery-1' class='gallery galleryid-12909 gallery-columns-3 gallery-size-thumbnail'><dl class='gallery-item'>\n\t\t\t<dt class='gallery-icon landscape'>\n\t\t\t\t<a href='https:\/\/tibble.nu\/campus-kista\/wp-content\/uploads\/sites\/2\/2026\/02\/lukas-s-MWZWHaL52Oo-unsplash.jpg' title=\"\" data-rl_title=\"\" class=\"rl-gallery-link\" data-rl_caption=\"\" data-rel=\"lightbox-gallery-1\"><img loading=\"lazy\" decoding=\"async\" width=\"500\" height=\"500\" src=\"https:\/\/tibble.nu\/campus-kista\/wp-content\/uploads\/sites\/2\/2026\/02\/lukas-s-MWZWHaL52Oo-unsplash-500x500.jpg\" class=\"attachment-thumbnail size-thumbnail\" alt=\"\" \/><\/a>\n\t\t\t<\/dt><\/dl><dl class='gallery-item'>\n\t\t\t<dt class='gallery-icon landscape'>\n\t\t\t\t<a href='https:\/\/tibble.nu\/campus-kista\/wp-content\/uploads\/sites\/2\/2026\/02\/marius-ySA9uj7zSmw-unsplash.jpg' title=\"\" data-rl_title=\"\" class=\"rl-gallery-link\" data-rl_caption=\"\" data-rel=\"lightbox-gallery-1\"><img loading=\"lazy\" decoding=\"async\" width=\"500\" height=\"500\" src=\"https:\/\/tibble.nu\/campus-kista\/wp-content\/uploads\/sites\/2\/2026\/02\/marius-ySA9uj7zSmw-unsplash-500x500.jpg\" class=\"attachment-thumbnail size-thumbnail\" alt=\"\" \/><\/a>\n\t\t\t<\/dt><\/dl><dl class='gallery-item'>\n\t\t\t<dt class='gallery-icon portrait'>\n\t\t\t\t<a href='https:\/\/tibble.nu\/campus-kista\/wp-content\/uploads\/sites\/2\/2026\/02\/yellow-cactus-ItAy7B9PwN4-unsplash-scaled.jpg' title=\"\" data-rl_title=\"\" class=\"rl-gallery-link\" data-rl_caption=\"\" data-rel=\"lightbox-gallery-1\"><img loading=\"lazy\" decoding=\"async\" width=\"500\" height=\"500\" src=\"https:\/\/tibble.nu\/campus-kista\/wp-content\/uploads\/sites\/2\/2026\/02\/yellow-cactus-ItAy7B9PwN4-unsplash-500x500.jpg\" class=\"attachment-thumbnail size-thumbnail\" alt=\"\" \/><\/a>\n\t\t\t<\/dt><\/dl><br style=\"clear: both\" \/>\n\t\t<\/div>\n\n","protected":false},"excerpt":{"rendered":"<p>Varje \u00e5r skickar Tibble Campus Kista ett antal elever till Bryssel och EU-parlamentet. Resan \u00e4r en del av skolans arbete med att ge elever en b\u00e4ttre f\u00f6rst\u00e5else f\u00f6r hur EU fungerar och vilken roll Sverige har som medlemsland. Under vistelsen&#8230;<\/p>\n","protected":false},"author":14,"featured_media":0,"parent":0,"menu_order":0,"comment_status":"closed","ping_status":"closed","template":"","meta":{"footnotes":""},"class_list":["post-12909","page","type-page","status-publish","hentry"],"acf":[],"_links":{"self":[{"href":"https:\/\/tibble.nu\/campus-kista\/wp-json\/wp\/v2\/pages\/12909","targetHints":{"allow":["GET"]}}],"collection":[{"href":"https:\/\/tibble.nu\/campus-kista\/wp-json\/wp\/v2\/pages"}],"about":[{"href":"https:\/\/tibble.nu\/campus-kista\/wp-json\/wp\/v2\/types\/page"}],"author":[{"embeddable":true,"href":"https:\/\/tibble.nu\/campus-kista\/wp-json\/wp\/v2\/users\/14"}],"replies":[{"embeddable":true,"href":"https:\/\/tibble.nu\/campus-kista\/wp-json\/wp\/v2\/comments?post=12909"}],"version-history":[{"count":2,"href":"https:\/\/tibble.nu\/campus-kista\/wp-json\/wp\/v2\/pages\/12909\/revisions"}],"predecessor-version":[{"id":12915,"href":"https:\/\/tibble.nu\/campus-kista\/wp-json\/wp\/v2\/pages\/12909\/revisions\/12915"}],"wp:attachment":[{"href":"https:\/\/tibble.nu\/campus-kista\/wp-json\/wp\/v2\/media?parent=12909"}],"curies":[{"name":"wp","href":"https:\/\/api.w.org\/{rel}","templated":true}]}}